{"id":91,"date":"2024-04-27T15:58:25","date_gmt":"2024-04-27T15:58:25","guid":{"rendered":"https:\/\/www.penzionzajeci.cz\/?page_id=91"},"modified":"2026-03-13T10:51:33","modified_gmt":"2026-03-13T10:51:33","slug":"degustace-pohosteni","status":"publish","type":"page","link":"https:\/\/www.penzionzajeci.cz\/?page_id=91","title":{"rendered":"Degustace &#038; Poho\u0161t\u011bn\u00ed"},"content":{"rendered":"\n<p>P\u0159\u00edjemn\u00e9 prost\u0159ed\u00ed stylov\u00e9ho moravsk\u00e9ho sklepa nab\u00edz\u00ed<br>posezen\u00ed a\u017e 45 osob. Ve sklep\u011b rozl\u00e9v\u00e1me v\u00fdhradn\u011b vlastn\u00ed sudov\u00e1<br>v\u00edna. Prostory sklepa je mo\u017en\u00e9 vyu\u017e\u00edt k \u0159\u00edzen\u00fdm degustac\u00edm, firemn\u00edm ve\u010d\u00edrk\u016fm,<br>rodinn\u00fdm i spole\u010densk\u00fdm oslav\u00e1m, obchodn\u00edm sch\u016fzk\u00e1m, z\u00e1jezdov\u00e9 turistice nebo k<br>p\u0159\u00edjemn\u00e9mu posezen\u00ed s p\u0159\u00e1teli.<br>\u0158\u00edzen\u00e1 degustace na\u0161ich vlastn\u00edch sudov\u00fdch v\u00edn.<\/p>\n\n\n\n<p><strong>\u0158\u00edzen\u00e1 degustace &#8211; Pov\u00edd\u00e1n\u00ed o p\u016fvodu a v\u00fdrob\u011b v\u00edna.<\/strong><\/p>\n\n\n\n<p>Degustace je ur\u010dena pro skupinu nejm\u00e9n\u011b 10 osob. V letn\u00edch m\u011bs\u00edc\u00edch je<br>mo\u017enost sestavit skupinu pro v\u0161echny ubytovan\u00e9 z penzionu, tak\u017ee se nemus\u00edte<br>b\u00e1t p\u0159ijet jen ve dvou. Degustace trv\u00e1 cca hodinu a<br>ochutn\u00e1te aktu\u00e1ln\u00ed po\u010det nab\u00edzen\u00fdch vzork\u016f v\u00edn.<\/p>\n\n\n\n<p>Nov\u011b i ochutn\u00e1vka vlastn\u00edho sektu.<\/p>\n\n\n\n<p>Degustovan\u00e9 v\u00edno je mo\u017en\u00e9 na m\u00edst\u011b zakoupit. Cena: 450 K\u010d<\/p>\n\n\n\n<p>V p\u0159\u00edpad\u011b objedn\u00e1n\u00ed n\u011bkter\u00e9ho z menu je cena zv\u00fdhodn\u011bna na 300 K\u010d \/ osobu<\/p>\n\n\n\n<p><strong>Vina\u0159sk\u00e9 Menu<br><\/strong>Oblo\u017een\u00e9 m\u00edsy z moravsk\u00fdch<br>specialit: uzen\u00e9, \u0161pek, klob\u00e1sy, sekan\u00e1, \u0161kvarkov\u00e1 pomaz\u00e1nka, s\u00fdry, pe\u010divo,<br>nakl\u00e1dan\u00e9 okurky, ho\u0159\u010dice<br>Mo\u017enost tepl\u00e9ho j\u00eddla \u2013 p\u0159\u00edplatek 250 K\u010d \/ osobu \u2013 varianty: ku\u0159ec\u00ed, nebo vep\u0159ov\u00e9 \u0159\u00edzky, pe\u010den\u00e9 koleno,<br>\u017eebra, v\u00fdpe\u010dky, flamendr, gul\u00e1\u0161<br>Dom\u00e1c\u00ed kol\u00e1\u010de<br>Menu je ur\u010deno pro skupinu nejm\u00e9n\u011b 10 osob &#8211; Cena: 750 K\u010d\/osoba<\/p>\n\n\n\n<p><br><strong>Vina\u0159sk\u00e9 Menu II.<br><\/strong>Raut: pe\u010den\u00e9 (porcovan\u00e9)<br>sele, tatarsk\u00fd biftek s topinkou, ku\u0159ec\u00ed \u0159\u00edze\u010dky, dom\u00e1c\u00ed uzen\u00e9 a \u0161pek, dva<br>druhy pomaz\u00e1nky, dom\u00e1c\u00ed kol\u00e1\u010dky, n\u011bkolik druh\u016f s\u00fdr\u016f<br>Dom\u00e1c\u00ed slivovice<br>6 vzork\u016f l\u00e1hvov\u00fdch v\u00edn od<\/p>\n\n\n\n<p>Ochutn\u00e1vka speci\u00e1ln\u00edho v\u00edna<br>(ledov\u00e9, nebo sl\u00e1mov\u00e9)<br>Tepl\u00e9 a studen\u00e9 n\u00e1poje je ur\u010deno pro skupinu nejm\u00e9n\u011b 15 osob &#8211; Cena: 1 690 K\u010d \/os.<\/p>\n\n\n\n<p>Ka\u017ed\u00e9 z menu si m\u016f\u017eete dle p\u0159\u00e1n\u00ed upravit. Posezen\u00ed ve sklep\u011b je mo\u017en\u00e9 18 do hodin. Jin\u00e1 varianta je mo\u017en\u00e1 po p\u0159edchoz\u00ed domluv\u011b.<br>Na p\u0159\u00e1n\u00ed zajist\u00edme cimb\u00e1lovou \u010di jinou muziku.<\/p>\n\n\n\n<figure class=\"wp-block-gallery has-nested-images columns-default is-cropped wp-block-gallery-1 is-layout-flex wp-block-gallery-is-layout-flex\">\n<figure class=\"wp-block-image size-large\"><img loading=\"lazy\" decoding=\"async\" width=\"683\" height=\"1024\" data-id=\"117\" src=\"https:\/\/www.penzionzajeci.cz\/wp-content\/uploads\/2024\/04\/DSC09815-683x1024-1.jpg\" alt=\"\" class=\"wp-image-117\" srcset=\"https:\/\/www.penzionzajeci.cz\/wp-content\/uploads\/2024\/04\/DSC09815-683x1024-1.jpg 683w, https:\/\/www.penzionzajeci.cz\/wp-content\/uploads\/2024\/04\/DSC09815-683x1024-1-200x300.jpg 200w\" sizes=\"auto, (max-width: 683px) 100vw, 683px\" \/><figcaption class=\"wp-element-caption\">SONY DSC<\/figcaption><\/figure>\n\n\n\n<figure class=\"wp-block-image size-large\"><img loading=\"lazy\" decoding=\"async\" width=\"683\" height=\"1024\" data-id=\"113\" src=\"https:\/\/www.penzionzajeci.cz\/wp-content\/uploads\/2024\/04\/DSC09819-683x1024-1.jpg\" alt=\"\" class=\"wp-image-113\" srcset=\"https:\/\/www.penzionzajeci.cz\/wp-content\/uploads\/2024\/04\/DSC09819-683x1024-1.jpg 683w, https:\/\/www.penzionzajeci.cz\/wp-content\/uploads\/2024\/04\/DSC09819-683x1024-1-200x300.jpg 200w\" sizes=\"auto, (max-width: 683px) 100vw, 683px\" \/><figcaption class=\"wp-element-caption\">SONY DSC<\/figcaption><\/figure>\n\n\n\n<figure class=\"wp-block-image size-large\"><img loading=\"lazy\" decoding=\"async\" width=\"685\" height=\"1024\" data-id=\"110\" src=\"https:\/\/www.penzionzajeci.cz\/wp-content\/uploads\/2024\/04\/DSC09822-685x1024-1.jpg\" alt=\"\" class=\"wp-image-110\" srcset=\"https:\/\/www.penzionzajeci.cz\/wp-content\/uploads\/2024\/04\/DSC09822-685x1024-1.jpg 685w, https:\/\/www.penzionzajeci.cz\/wp-content\/uploads\/2024\/04\/DSC09822-685x1024-1-201x300.jpg 201w\" sizes=\"auto, (max-width: 685px) 100vw, 685px\" \/><figcaption class=\"wp-element-caption\">SONY DSC<\/figcaption><\/figure>\n\n\n\n<figure class=\"wp-block-image size-large\"><img loading=\"lazy\" decoding=\"async\" width=\"1024\" height=\"685\" data-id=\"103\" src=\"https:\/\/www.penzionzajeci.cz\/wp-content\/uploads\/2024\/04\/DSC09828-1024x685-1.jpg\" alt=\"\" class=\"wp-image-103\" srcset=\"https:\/\/www.penzionzajeci.cz\/wp-content\/uploads\/2024\/04\/DSC09828-1024x685-1.jpg 1024w, https:\/\/www.penzionzajeci.cz\/wp-content\/uploads\/2024\/04\/DSC09828-1024x685-1-300x201.jpg 300w, https:\/\/www.penzionzajeci.cz\/wp-content\/uploads\/2024\/04\/DSC09828-1024x685-1-768x514.jpg 768w\" sizes=\"auto, (max-width: 1024px) 100vw, 1024px\" \/><\/figure>\n\n\n\n<figure class=\"wp-block-image size-large\"><img loading=\"lazy\" decoding=\"async\" width=\"685\" height=\"1024\" data-id=\"111\" src=\"https:\/\/www.penzionzajeci.cz\/wp-content\/uploads\/2024\/04\/DSC09839-685x1024-1.jpg\" alt=\"\" class=\"wp-image-111\" srcset=\"https:\/\/www.penzionzajeci.cz\/wp-content\/uploads\/2024\/04\/DSC09839-685x1024-1.jpg 685w, https:\/\/www.penzionzajeci.cz\/wp-content\/uploads\/2024\/04\/DSC09839-685x1024-1-201x300.jpg 201w\" sizes=\"auto, (max-width: 685px) 100vw, 685px\" \/><\/figure>\n\n\n\n<figure class=\"wp-block-image size-large\"><img loading=\"lazy\" decoding=\"async\" width=\"685\" height=\"1024\" data-id=\"112\" src=\"https:\/\/www.penzionzajeci.cz\/wp-content\/uploads\/2024\/04\/DSC09848-685x1024-1.jpg\" alt=\"\" class=\"wp-image-112\" srcset=\"https:\/\/www.penzionzajeci.cz\/wp-content\/uploads\/2024\/04\/DSC09848-685x1024-1.jpg 685w, https:\/\/www.penzionzajeci.cz\/wp-content\/uploads\/2024\/04\/DSC09848-685x1024-1-201x300.jpg 201w\" sizes=\"auto, (max-width: 685px) 100vw, 685px\" \/><\/figure>\n\n\n\n<figure class=\"wp-block-image size-large\"><img loading=\"lazy\" decoding=\"async\" width=\"685\" height=\"1024\" data-id=\"123\" src=\"https:\/\/www.penzionzajeci.cz\/wp-content\/uploads\/2024\/04\/DSC09858-685x1024-1.jpg\" alt=\"\" class=\"wp-image-123\" srcset=\"https:\/\/www.penzionzajeci.cz\/wp-content\/uploads\/2024\/04\/DSC09858-685x1024-1.jpg 685w, https:\/\/www.penzionzajeci.cz\/wp-content\/uploads\/2024\/04\/DSC09858-685x1024-1-201x300.jpg 201w\" sizes=\"auto, (max-width: 685px) 100vw, 685px\" \/><figcaption class=\"wp-element-caption\">SONY DSC<\/figcaption><\/figure>\n\n\n\n<figure class=\"wp-block-image size-large\"><img loading=\"lazy\" decoding=\"async\" width=\"1024\" height=\"685\" data-id=\"118\" src=\"https:\/\/www.penzionzajeci.cz\/wp-content\/uploads\/2024\/04\/DSC09865-1-1024x685-1.jpg\" alt=\"\" class=\"wp-image-118\" srcset=\"https:\/\/www.penzionzajeci.cz\/wp-content\/uploads\/2024\/04\/DSC09865-1-1024x685-1.jpg 1024w, https:\/\/www.penzionzajeci.cz\/wp-content\/uploads\/2024\/04\/DSC09865-1-1024x685-1-300x201.jpg 300w, https:\/\/www.penzionzajeci.cz\/wp-content\/uploads\/2024\/04\/DSC09865-1-1024x685-1-768x514.jpg 768w\" sizes=\"auto, (max-width: 1024px) 100vw, 1024px\" \/><figcaption class=\"wp-element-caption\">SONY DSC<\/figcaption><\/figure>\n\n\n\n<figure class=\"wp-block-image size-large\"><img loading=\"lazy\" decoding=\"async\" width=\"1024\" height=\"685\" data-id=\"121\" src=\"https:\/\/www.penzionzajeci.cz\/wp-content\/uploads\/2024\/04\/DSC09865-1-1024x685-2.jpg\" alt=\"\" class=\"wp-image-121\" srcset=\"https:\/\/www.penzionzajeci.cz\/wp-content\/uploads\/2024\/04\/DSC09865-1-1024x685-2.jpg 1024w, https:\/\/www.penzionzajeci.cz\/wp-content\/uploads\/2024\/04\/DSC09865-1-1024x685-2-300x201.jpg 300w, https:\/\/www.penzionzajeci.cz\/wp-content\/uploads\/2024\/04\/DSC09865-1-1024x685-2-768x514.jpg 768w\" sizes=\"auto, (max-width: 1024px) 100vw, 1024px\" \/><figcaption class=\"wp-element-caption\">SONY DSC<\/figcaption><\/figure>\n\n\n\n<figure class=\"wp-block-image size-large\"><img loading=\"lazy\" decoding=\"async\" width=\"1024\" height=\"458\" data-id=\"114\" src=\"https:\/\/www.penzionzajeci.cz\/wp-content\/uploads\/2024\/04\/DSC09865-orez-1024x458-1.jpg\" alt=\"\" class=\"wp-image-114\" srcset=\"https:\/\/www.penzionzajeci.cz\/wp-content\/uploads\/2024\/04\/DSC09865-orez-1024x458-1.jpg 1024w, https:\/\/www.penzionzajeci.cz\/wp-content\/uploads\/2024\/04\/DSC09865-orez-1024x458-1-300x134.jpg 300w, https:\/\/www.penzionzajeci.cz\/wp-content\/uploads\/2024\/04\/DSC09865-orez-1024x458-1-768x344.jpg 768w\" sizes=\"auto, (max-width: 1024px) 100vw, 1024px\" \/><figcaption class=\"wp-element-caption\">SONY DSC<\/figcaption><\/figure>\n\n\n\n<figure class=\"wp-block-image size-large\"><img loading=\"lazy\" decoding=\"async\" width=\"1024\" height=\"683\" data-id=\"120\" src=\"https:\/\/www.penzionzajeci.cz\/wp-content\/uploads\/2024\/04\/DSC09868-1-1024x683-1.jpg\" alt=\"\" class=\"wp-image-120\" srcset=\"https:\/\/www.penzionzajeci.cz\/wp-content\/uploads\/2024\/04\/DSC09868-1-1024x683-1.jpg 1024w, https:\/\/www.penzionzajeci.cz\/wp-content\/uploads\/2024\/04\/DSC09868-1-1024x683-1-300x200.jpg 300w, https:\/\/www.penzionzajeci.cz\/wp-content\/uploads\/2024\/04\/DSC09868-1-1024x683-1-768x512.jpg 768w\" sizes=\"auto, (max-width: 1024px) 100vw, 1024px\" \/><figcaption class=\"wp-element-caption\">SONY DSC<\/figcaption><\/figure>\n\n\n\n<figure class=\"wp-block-image size-large\"><img loading=\"lazy\" decoding=\"async\" width=\"1024\" height=\"683\" data-id=\"122\" src=\"https:\/\/www.penzionzajeci.cz\/wp-content\/uploads\/2024\/04\/DSC09868-1024x683-1.jpg\" alt=\"\" class=\"wp-image-122\" srcset=\"https:\/\/www.penzionzajeci.cz\/wp-content\/uploads\/2024\/04\/DSC09868-1024x683-1.jpg 1024w, https:\/\/www.penzionzajeci.cz\/wp-content\/uploads\/2024\/04\/DSC09868-1024x683-1-300x200.jpg 300w, https:\/\/www.penzionzajeci.cz\/wp-content\/uploads\/2024\/04\/DSC09868-1024x683-1-768x512.jpg 768w\" sizes=\"auto, (max-width: 1024px) 100vw, 1024px\" \/><figcaption class=\"wp-element-caption\">SONY DSC<\/figcaption><\/figure>\n\n\n\n<figure class=\"wp-block-image size-large\"><img loading=\"lazy\" decoding=\"async\" width=\"1024\" height=\"316\" data-id=\"109\" src=\"https:\/\/www.penzionzajeci.cz\/wp-content\/uploads\/2024\/04\/DSC09868-orez-1024x316-1.jpg\" alt=\"\" class=\"wp-image-109\" srcset=\"https:\/\/www.penzionzajeci.cz\/wp-content\/uploads\/2024\/04\/DSC09868-orez-1024x316-1.jpg 1024w, https:\/\/www.penzionzajeci.cz\/wp-content\/uploads\/2024\/04\/DSC09868-orez-1024x316-1-300x93.jpg 300w, https:\/\/www.penzionzajeci.cz\/wp-content\/uploads\/2024\/04\/DSC09868-orez-1024x316-1-768x237.jpg 768w\" sizes=\"auto, (max-width: 1024px) 100vw, 1024px\" \/><figcaption class=\"wp-element-caption\">SONY DSC<\/figcaption><\/figure>\n\n\n\n<figure class=\"wp-block-image size-large\"><img loading=\"lazy\" decoding=\"async\" width=\"1024\" height=\"685\" data-id=\"108\" src=\"https:\/\/www.penzionzajeci.cz\/wp-content\/uploads\/2024\/04\/DSC09869-1-1024x685-1.jpg\" alt=\"\" class=\"wp-image-108\" srcset=\"https:\/\/www.penzionzajeci.cz\/wp-content\/uploads\/2024\/04\/DSC09869-1-1024x685-1.jpg 1024w, https:\/\/www.penzionzajeci.cz\/wp-content\/uploads\/2024\/04\/DSC09869-1-1024x685-1-300x201.jpg 300w, https:\/\/www.penzionzajeci.cz\/wp-content\/uploads\/2024\/04\/DSC09869-1-1024x685-1-768x514.jpg 768w\" sizes=\"auto, (max-width: 1024px) 100vw, 1024px\" \/><\/figure>\n\n\n\n<figure class=\"wp-block-image size-large\"><img loading=\"lazy\" decoding=\"async\" width=\"1024\" height=\"685\" data-id=\"116\" src=\"https:\/\/www.penzionzajeci.cz\/wp-content\/uploads\/2024\/04\/DSC09869-1024x685-1.jpg\" alt=\"\" class=\"wp-image-116\" srcset=\"https:\/\/www.penzionzajeci.cz\/wp-content\/uploads\/2024\/04\/DSC09869-1024x685-1.jpg 1024w, https:\/\/www.penzionzajeci.cz\/wp-content\/uploads\/2024\/04\/DSC09869-1024x685-1-300x201.jpg 300w, https:\/\/www.penzionzajeci.cz\/wp-content\/uploads\/2024\/04\/DSC09869-1024x685-1-768x514.jpg 768w\" sizes=\"auto, (max-width: 1024px) 100vw, 1024px\" \/><figcaption class=\"wp-element-caption\">SONY DSC<\/figcaption><\/figure>\n\n\n\n<figure class=\"wp-block-image size-large\"><img loading=\"lazy\" decoding=\"async\" width=\"1024\" height=\"684\" data-id=\"106\" src=\"https:\/\/www.penzionzajeci.cz\/wp-content\/uploads\/2024\/04\/jednohubky-1024x684-1.jpg\" alt=\"\" class=\"wp-image-106\" srcset=\"https:\/\/www.penzionzajeci.cz\/wp-content\/uploads\/2024\/04\/jednohubky-1024x684-1.jpg 1024w, https:\/\/www.penzionzajeci.cz\/wp-content\/uploads\/2024\/04\/jednohubky-1024x684-1-300x200.jpg 300w, https:\/\/www.penzionzajeci.cz\/wp-content\/uploads\/2024\/04\/jednohubky-1024x684-1-768x513.jpg 768w\" sizes=\"auto, (max-width: 1024px) 100vw, 1024px\" \/><\/figure>\n\n\n\n<figure class=\"wp-block-image size-large\"><img loading=\"lazy\" decoding=\"async\" width=\"1024\" height=\"405\" data-id=\"105\" src=\"https:\/\/www.penzionzajeci.cz\/wp-content\/uploads\/2024\/04\/kontakty-pozadi-1024x405-1.jpg\" alt=\"\" class=\"wp-image-105\" srcset=\"https:\/\/www.penzionzajeci.cz\/wp-content\/uploads\/2024\/04\/kontakty-pozadi-1024x405-1.jpg 1024w, https:\/\/www.penzionzajeci.cz\/wp-content\/uploads\/2024\/04\/kontakty-pozadi-1024x405-1-300x119.jpg 300w, https:\/\/www.penzionzajeci.cz\/wp-content\/uploads\/2024\/04\/kontakty-pozadi-1024x405-1-768x304.jpg 768w\" sizes=\"auto, (max-width: 1024px) 100vw, 1024px\" \/><\/figure>\n\n\n\n<figure class=\"wp-block-image size-large\"><img loading=\"lazy\" decoding=\"async\" width=\"250\" height=\"250\" data-id=\"104\" src=\"https:\/\/www.penzionzajeci.cz\/wp-content\/uploads\/2024\/04\/menu3.jpg\" alt=\"\" class=\"wp-image-104\" srcset=\"https:\/\/www.penzionzajeci.cz\/wp-content\/uploads\/2024\/04\/menu3.jpg 250w, https:\/\/www.penzionzajeci.cz\/wp-content\/uploads\/2024\/04\/menu3-150x150.jpg 150w, https:\/\/www.penzionzajeci.cz\/wp-content\/uploads\/2024\/04\/menu3-75x75.jpg 75w\" sizes=\"auto, (max-width: 250px) 100vw, 250px\" \/><\/figure>\n\n\n\n<figure class=\"wp-block-image size-large\"><img loading=\"lazy\" decoding=\"async\" width=\"1024\" height=\"684\" data-id=\"115\" src=\"https:\/\/www.penzionzajeci.cz\/wp-content\/uploads\/2024\/04\/obcerstveni-1024x684-1.jpg\" alt=\"\" class=\"wp-image-115\" srcset=\"https:\/\/www.penzionzajeci.cz\/wp-content\/uploads\/2024\/04\/obcerstveni-1024x684-1.jpg 1024w, https:\/\/www.penzionzajeci.cz\/wp-content\/uploads\/2024\/04\/obcerstveni-1024x684-1-300x200.jpg 300w, https:\/\/www.penzionzajeci.cz\/wp-content\/uploads\/2024\/04\/obcerstveni-1024x684-1-768x513.jpg 768w\" sizes=\"auto, (max-width: 1024px) 100vw, 1024px\" \/><\/figure>\n\n\n\n<figure class=\"wp-block-image size-large\"><img loading=\"lazy\" decoding=\"async\" width=\"1024\" height=\"684\" data-id=\"107\" src=\"https:\/\/www.penzionzajeci.cz\/wp-content\/uploads\/2024\/04\/ovoce-1024x684-1.jpg\" alt=\"\" class=\"wp-image-107\" srcset=\"https:\/\/www.penzionzajeci.cz\/wp-content\/uploads\/2024\/04\/ovoce-1024x684-1.jpg 1024w, https:\/\/www.penzionzajeci.cz\/wp-content\/uploads\/2024\/04\/ovoce-1024x684-1-300x200.jpg 300w, https:\/\/www.penzionzajeci.cz\/wp-content\/uploads\/2024\/04\/ovoce-1024x684-1-768x513.jpg 768w\" sizes=\"auto, (max-width: 1024px) 100vw, 1024px\" \/><\/figure>\n\n\n\n<figure class=\"wp-block-image size-large\"><img loading=\"lazy\" decoding=\"async\" width=\"1024\" height=\"683\" data-id=\"119\" src=\"https:\/\/www.penzionzajeci.cz\/wp-content\/uploads\/2024\/04\/pecena-husa-1024x683-1.jpg\" alt=\"\" class=\"wp-image-119\" srcset=\"https:\/\/www.penzionzajeci.cz\/wp-content\/uploads\/2024\/04\/pecena-husa-1024x683-1.jpg 1024w, https:\/\/www.penzionzajeci.cz\/wp-content\/uploads\/2024\/04\/pecena-husa-1024x683-1-300x200.jpg 300w, https:\/\/www.penzionzajeci.cz\/wp-content\/uploads\/2024\/04\/pecena-husa-1024x683-1-768x512.jpg 768w\" sizes=\"auto, (max-width: 1024px) 100vw, 1024px\" \/><\/figure>\n<\/figure>\n\n\n\n<figure class=\"wp-block-gallery has-nested-images columns-default is-cropped wp-block-gallery-2 is-layout-flex wp-block-gallery-is-layout-flex\">\n<figure class=\"wp-block-image size-large\"><img loading=\"lazy\" decoding=\"async\" width=\"1024\" height=\"768\" data-id=\"163\" src=\"https:\/\/www.penzionzajeci.cz\/wp-content\/uploads\/2024\/04\/WhatsApp-Image-2024-04-27-at-19.17.42-1-1024x768.jpeg\" alt=\"\" class=\"wp-image-163\" srcset=\"https:\/\/www.penzionzajeci.cz\/wp-content\/uploads\/2024\/04\/WhatsApp-Image-2024-04-27-at-19.17.42-1-1024x768.jpeg 1024w, https:\/\/www.penzionzajeci.cz\/wp-content\/uploads\/2024\/04\/WhatsApp-Image-2024-04-27-at-19.17.42-1-300x225.jpeg 300w, https:\/\/www.penzionzajeci.cz\/wp-content\/uploads\/2024\/04\/WhatsApp-Image-2024-04-27-at-19.17.42-1-768x576.jpeg 768w, https:\/\/www.penzionzajeci.cz\/wp-content\/uploads\/2024\/04\/WhatsApp-Image-2024-04-27-at-19.17.42-1-1536x1152.jpeg 1536w, https:\/\/www.penzionzajeci.cz\/wp-content\/uploads\/2024\/04\/WhatsApp-Image-2024-04-27-at-19.17.42-1-1140x855.jpeg 1140w, https:\/\/www.penzionzajeci.cz\/wp-content\/uploads\/2024\/04\/WhatsApp-Image-2024-04-27-at-19.17.42-1.jpeg 1600w\" sizes=\"auto, (max-width: 1024px) 100vw, 1024px\" \/><\/figure>\n\n\n\n<figure class=\"wp-block-image size-large\"><img loading=\"lazy\" decoding=\"async\" width=\"1024\" height=\"768\" data-id=\"159\" src=\"https:\/\/www.penzionzajeci.cz\/wp-content\/uploads\/2024\/04\/WhatsApp-Image-2024-04-27-at-19.17.37-1-1024x768.jpeg\" alt=\"\" class=\"wp-image-159\" srcset=\"https:\/\/www.penzionzajeci.cz\/wp-content\/uploads\/2024\/04\/WhatsApp-Image-2024-04-27-at-19.17.37-1-1024x768.jpeg 1024w, https:\/\/www.penzionzajeci.cz\/wp-content\/uploads\/2024\/04\/WhatsApp-Image-2024-04-27-at-19.17.37-1-300x225.jpeg 300w, https:\/\/www.penzionzajeci.cz\/wp-content\/uploads\/2024\/04\/WhatsApp-Image-2024-04-27-at-19.17.37-1-768x576.jpeg 768w, https:\/\/www.penzionzajeci.cz\/wp-content\/uploads\/2024\/04\/WhatsApp-Image-2024-04-27-at-19.17.37-1-1536x1152.jpeg 1536w, https:\/\/www.penzionzajeci.cz\/wp-content\/uploads\/2024\/04\/WhatsApp-Image-2024-04-27-at-19.17.37-1-1140x855.jpeg 1140w, https:\/\/www.penzionzajeci.cz\/wp-content\/uploads\/2024\/04\/WhatsApp-Image-2024-04-27-at-19.17.37-1.jpeg 1600w\" sizes=\"auto, (max-width: 1024px) 100vw, 1024px\" \/><\/figure>\n\n\n\n<figure class=\"wp-block-image size-large\"><img loading=\"lazy\" decoding=\"async\" width=\"768\" height=\"1024\" data-id=\"158\" src=\"https:\/\/www.penzionzajeci.cz\/wp-content\/uploads\/2024\/04\/WhatsApp-Image-2024-04-27-at-19.17.36-768x1024.jpeg\" alt=\"\" class=\"wp-image-158\" srcset=\"https:\/\/www.penzionzajeci.cz\/wp-content\/uploads\/2024\/04\/WhatsApp-Image-2024-04-27-at-19.17.36-768x1024.jpeg 768w, https:\/\/www.penzionzajeci.cz\/wp-content\/uploads\/2024\/04\/WhatsApp-Image-2024-04-27-at-19.17.36-225x300.jpeg 225w, https:\/\/www.penzionzajeci.cz\/wp-content\/uploads\/2024\/04\/WhatsApp-Image-2024-04-27-at-19.17.36-1152x1536.jpeg 1152w, https:\/\/www.penzionzajeci.cz\/wp-content\/uploads\/2024\/04\/WhatsApp-Image-2024-04-27-at-19.17.36-1140x1520.jpeg 1140w, https:\/\/www.penzionzajeci.cz\/wp-content\/uploads\/2024\/04\/WhatsApp-Image-2024-04-27-at-19.17.36.jpeg 1200w\" sizes=\"auto, (max-width: 768px) 100vw, 768px\" \/><\/figure>\n<\/figure>\n","protected":false},"excerpt":{"rendered":"<p>P\u0159\u00edjemn\u00e9 prost\u0159ed\u00ed stylov\u00e9ho moravsk\u00e9ho sklepa nab\u00edz\u00edposezen\u00ed a\u017e 45 osob. Ve sklep\u011b rozl\u00e9v\u00e1me v\u00fdhradn\u011b vlastn\u00ed sudov\u00e1v\u00edna. Prostory sklepa je mo\u017en\u00e9 vyu\u017e\u00edt k \u0159\u00edzen\u00fdm degustac\u00edm, firemn\u00edm ve\u010d\u00edrk\u016fm,rodinn\u00fdm i spole\u010densk\u00fdm oslav\u00e1m, obchodn\u00edm sch\u016fzk\u00e1m, z\u00e1jezdov\u00e9 turistice nebo kp\u0159\u00edjemn\u00e9mu posezen\u00ed s p\u0159\u00e1teli.\u0158\u00edzen\u00e1 degustace na\u0161ich vlastn\u00edch sudov\u00fdch v\u00edn. \u0158\u00edzen\u00e1 degustace &#8211; Pov\u00edd\u00e1n\u00ed o p\u016fvodu a v\u00fdrob\u011b v\u00edna. Degustace je ur\u010dena pro skupinu nejm\u00e9n\u011b 10 osob. V letn\u00edch m\u011bs\u00edc\u00edch jemo\u017enost sestavit skupinu pro v\u0161echny ubytovan\u00e9 z penzionu, tak\u017ee se nemus\u00edteb\u00e1t p\u0159ijet jen ve dvou. Degustace trv\u00e1 cca hodinu aochutn\u00e1te aktu\u00e1ln\u00ed po\u010det nab\u00edzen\u00fdch vzork\u016f v\u00edn. Nov\u011b i ochutn\u00e1vka vlastn\u00edho sektu. Degustovan\u00e9 v\u00edno je mo\u017en\u00e9 na m\u00edst\u011b zakoupit. Cena: 450 K\u010d V p\u0159\u00edpad\u011b objedn\u00e1n\u00ed n\u011bkter\u00e9ho z menu je cena zv\u00fdhodn\u011bna na 300 K\u010d \/ osobu Vina\u0159sk\u00e9 MenuOblo\u017een\u00e9 m\u00edsy z moravsk\u00fdchspecialit: uzen\u00e9, \u0161pek, klob\u00e1sy, sekan\u00e1, \u0161kvarkov\u00e1 pomaz\u00e1nka, s\u00fdry, pe\u010divo,nakl\u00e1dan\u00e9 okurky, ho\u0159\u010diceMo\u017enost tepl\u00e9ho j\u00eddla \u2013 p\u0159\u00edplatek 250 K\u010d \/ osobu \u2013 varianty: ku\u0159ec\u00ed, nebo vep\u0159ov\u00e9 \u0159\u00edzky, pe\u010den\u00e9 koleno,\u017eebra, v\u00fdpe\u010dky, flamendr, gul\u00e1\u0161Dom\u00e1c\u00ed kol\u00e1\u010deMenu je ur\u010deno pro skupinu nejm\u00e9n\u011b 10 osob &#8211; Cena: 750 K\u010d\/osoba Vina\u0159sk\u00e9 Menu II.Raut: pe\u010den\u00e9 (porcovan\u00e9)sele, tatarsk\u00fd biftek s topinkou, ku\u0159ec\u00ed \u0159\u00edze\u010dky, dom\u00e1c\u00ed uzen\u00e9 a \u0161pek, dvadruhy pomaz\u00e1nky, dom\u00e1c\u00ed kol\u00e1\u010dky, n\u011bkolik druh\u016f s\u00fdr\u016fDom\u00e1c\u00ed slivovice6 vzork\u016f l\u00e1hvov\u00fdch v\u00edn od Ochutn\u00e1vka speci\u00e1ln\u00edho v\u00edna(ledov\u00e9, nebo sl\u00e1mov\u00e9)Tepl\u00e9 a studen\u00e9 n\u00e1poje je ur\u010deno pro skupinu nejm\u00e9n\u011b 15 osob &#8211; Cena: 1 690 K\u010d \/os. Ka\u017ed\u00e9 z menu si m\u016f\u017eete dle p\u0159\u00e1n\u00ed upravit. Posezen\u00ed ve sklep\u011b je mo\u017en\u00e9 18 do hodin. Jin\u00e1 varianta je mo\u017en\u00e1 po p\u0159edchoz\u00ed domluv\u011b.Na p\u0159\u00e1n\u00ed zajist\u00edme cimb\u00e1lovou \u010di jinou muziku.<\/p>\n","protected":false},"author":1,"featured_media":0,"parent":0,"menu_order":0,"comment_status":"closed","ping_status":"closed","template":"","meta":{"footnotes":""},"class_list":["post-91","page","type-page","status-publish","hentry"],"_links":{"self":[{"href":"https:\/\/www.penzionzajeci.cz\/index.php?rest_route=\/wp\/v2\/pages\/91","targetHints":{"allow":["GET"]}}],"collection":[{"href":"https:\/\/www.penzionzajeci.cz\/index.php?rest_route=\/wp\/v2\/pages"}],"about":[{"href":"https:\/\/www.penzionzajeci.cz\/index.php?rest_route=\/wp\/v2\/types\/page"}],"author":[{"embeddable":true,"href":"https:\/\/www.penzionzajeci.cz\/index.php?rest_route=\/wp\/v2\/users\/1"}],"replies":[{"embeddable":true,"href":"https:\/\/www.penzionzajeci.cz\/index.php?rest_route=%2Fwp%2Fv2%2Fcomments&post=91"}],"version-history":[{"count":9,"href":"https:\/\/www.penzionzajeci.cz\/index.php?rest_route=\/wp\/v2\/pages\/91\/revisions"}],"predecessor-version":[{"id":289,"href":"https:\/\/www.penzionzajeci.cz\/index.php?rest_route=\/wp\/v2\/pages\/91\/revisions\/289"}],"wp:attachment":[{"href":"https:\/\/www.penzionzajeci.cz\/index.php?rest_route=%2Fwp%2Fv2%2Fmedia&parent=91"}],"curies":[{"name":"wp","href":"https:\/\/api.w.org\/{rel}","templated":true}]}}